{"id":1610,"date":"2023-07-07T10:16:18","date_gmt":"2023-07-07T08:16:18","guid":{"rendered":"https:\/\/monicaperello.com\/melenas\/"},"modified":"2023-11-02T13:44:13","modified_gmt":"2023-11-02T12:44:13","slug":"melenas","status":"publish","type":"page","link":"https:\/\/monicaperello.com\/es\/melenas\/","title":{"rendered":"Melenas"},"content":{"rendered":"<p>[et_pb_section fb_built=\u00bb1&#8243; custom_padding_last_edited=\u00bbon|phone\u00bb admin_label=\u00bbHow it works\u00bb _builder_version=\u00bb4.23&#8243; use_background_color_gradient=\u00bbon\u00bb background_color_gradient_stops=\u00bb#ffffff 0%|rgba(236,213,197,0.45) 100%\u00bb background_color_gradient_start=\u00bb#ffffff\u00bb background_color_gradient_end=\u00bb#f2e3de\u00bb custom_padding_tablet=\u00bb||0px||false|false\u00bb custom_padding_phone=\u00bb||0px||false|false\u00bb top_divider_style=\u00bbarrow3&#8243; top_divider_color=\u00bbrgba(255,255,255,0.6)\u00bb top_divider_height=\u00bb800px\u00bb top_divider_repeat=\u00bb2x\u00bb top_divider_height_tablet=\u00bb400px\u00bb top_divider_height_phone=\u00bb400px\u00bb top_divider_height_last_edited=\u00bbon|phone\u00bb locked=\u00bboff\u00bb global_colors_info=\u00bb{}\u00bb theme_builder_area=\u00bbpost_content\u00bb][et_pb_row _builder_version=\u00bb4.23&#8243; custom_padding=\u00bb0px||||false|false\u00bb global_colors_info=\u00bb{}\u00bb theme_builder_area=\u00bbpost_content\u00bb][et_pb_column type=\u00bb4_4&#8243; _builder_version=\u00bb4.16&#8243; custom_padding=\u00bb|||\u00bb global_colors_info=\u00bb{}\u00bb custom_padding__hover=\u00bb|||\u00bb theme_builder_area=\u00bbpost_content\u00bb][et_pb_post_title meta=\u00bboff\u00bb featured_image=\u00bboff\u00bb _builder_version=\u00bb4.23&#8243; _module_preset=\u00bbdefault\u00bb title_font=\u00bb|700|||||||\u00bb global_colors_info=\u00bb{}\u00bb theme_builder_area=\u00bbpost_content\u00bb][\/et_pb_post_title][\/et_pb_column][\/et_pb_row][\/et_pb_section][et_pb_section fb_built=\u00bb1&#8243; admin_label=\u00bbAbout Us\u00bb _builder_version=\u00bb4.23&#8243; locked=\u00bboff\u00bb global_colors_info=\u00bb{}\u00bb theme_builder_area=\u00bbpost_content\u00bb][et_pb_row column_structure=\u00bb1_2,1_2&#8243; make_equal=\u00bbon\u00bb custom_padding_last_edited=\u00bboff|desktop\u00bb _builder_version=\u00bb4.23&#8243; custom_padding=\u00bb0px||||false|false\u00bb custom_padding_phone=\u00bb0px||||false|false\u00bb global_colors_info=\u00bb{}\u00bb theme_builder_area=\u00bbpost_content\u00bb][et_pb_column type=\u00bb1_2&#8243; _builder_version=\u00bb4.23&#8243; global_colors_info=\u00bb{}\u00bb custom_padding__hover=\u00bb|||\u00bb theme_builder_area=\u00bbpost_content\u00bb][et_pb_text _builder_version=\u00bb4.23&#8243; text_orientation=\u00bbjustified\u00bb hover_enabled=\u00bb0&#8243; global_colors_info=\u00bb{}\u00bb theme_builder_area=\u00bbpost_content\u00bb sticky_enabled=\u00bb0&#8243;]<\/p>\n<p>La coloraci\u00f3n es una forma maravillosa para realzar cualquier estilo. Ofrezco servicios de coloraci\u00f3n profesional para ayudarte a tener el tono que desees.<\/p>\n<p>Si est\u00e1s cansada de las canas, no te sientes c\u00f3moda con los resultados que obtienes, est\u00e1s harta de que tu color sea muy esclavo&#8230;<\/p>\n<p><strong>Juntas conseguiremos transformar tu melena<\/strong> y cuidarla para un color duradero \u00a1y con luz propia!<\/p>\n<p>Miraremos desde donde partimos, y buscaremos el mejor camino para obtener el resultado que buscas, pero lo m\u00e1s importante ser\u00e1 la calidad del cabello.<\/p>\n<p>[\/et_pb_text][et_pb_button button_url=\u00bb#faq\u00bb button_text=\u00bbPreguntas frecuentes\u00bb button_alignment=\u00bbright\u00bb button_alignment_tablet=\u00bbcenter\u00bb button_alignment_phone=\u00bbcenter\u00bb button_alignment_last_edited=\u00bbon|phone\u00bb _builder_version=\u00bb4.23&#8243; custom_button=\u00bbon\u00bb button_bg_color=\u00bb#ffffff\u00bb button_border_width=\u00bb1px\u00bb button_border_color=\u00bb#3F3D3E\u00bb button_letter_spacing=\u00bb4px\u00bb button_icon=\u00bb&#x22;||divi||400&#8243; positioning=\u00bbabsolute\u00bb position_origin_a=\u00bbbottom_right\u00bb position_origin_r=\u00bbbottom_right\u00bb position_origin_a_tablet=\u00bbbottom_right\u00bb position_origin_a_phone=\u00bbbottom_right\u00bb position_origin_a_last_edited=\u00bbon|tablet\u00bb position_origin_f_tablet=\u00bb\u00bb position_origin_f_phone=\u00bb\u00bb position_origin_f_last_edited=\u00bbon|tablet\u00bb position_origin_r_tablet=\u00bbbottom_right\u00bb position_origin_r_phone=\u00bbbottom_right\u00bb position_origin_r_last_edited=\u00bbon|tablet\u00bb custom_margin=\u00bb|||\u00bb custom_padding=\u00bb18px||18px|\u00bb hover_enabled=\u00bb0&#8243; positioning_tablet=\u00bbnone\u00bb positioning_phone=\u00bbnone\u00bb positioning_last_edited=\u00bbon|phone\u00bb button_text_color_hover=\u00bb#ffffff\u00bb button_bg_color_hover=\u00bb#c4beb9&#8243; locked=\u00bboff\u00bb global_colors_info=\u00bb{}\u00bb button_text_size__hover_enabled=\u00bboff\u00bb button_one_text_size__hover_enabled=\u00bboff\u00bb button_two_text_size__hover_enabled=\u00bboff\u00bb button_text_color__hover_enabled=\u00bbon\u00bb button_text_color__hover=\u00bb#ffffff\u00bb button_one_text_color__hover_enabled=\u00bboff\u00bb button_two_text_color__hover_enabled=\u00bboff\u00bb button_border_width__hover_enabled=\u00bboff\u00bb button_one_border_width__hover_enabled=\u00bboff\u00bb button_two_border_width__hover_enabled=\u00bboff\u00bb button_border_color__hover_enabled=\u00bbon|desktop\u00bb button_one_border_color__hover_enabled=\u00bboff\u00bb button_two_border_color__hover_enabled=\u00bboff\u00bb button_border_radius__hover_enabled=\u00bboff\u00bb button_one_border_radius__hover_enabled=\u00bboff\u00bb button_two_border_radius__hover_enabled=\u00bboff\u00bb button_letter_spacing__hover_enabled=\u00bbon|desktop\u00bb button_one_letter_spacing__hover_enabled=\u00bboff\u00bb button_two_letter_spacing__hover_enabled=\u00bboff\u00bb button_bg_color__hover_enabled=\u00bbon|desktop\u00bb button_bg_color__hover=\u00bb#ECD5C5&#8243; button_one_bg_color__hover_enabled=\u00bboff\u00bb button_two_bg_color__hover_enabled=\u00bboff\u00bb button_border_color__hover=\u00bb#ecd5c5&#8243; button_letter_spacing__hover=\u00bb4px\u00bb theme_builder_area=\u00bbpost_content\u00bb sticky_enabled=\u00bb0&#8243; button_on_hover=\u00bboff\u00bb]&nbsp;<br \/>\n[\/et_pb_button][\/et_pb_column][et_pb_column type=\u00bb1_2&#8243; _builder_version=\u00bb4.16&#8243; custom_padding=\u00bb|||\u00bb global_colors_info=\u00bb{}\u00bb custom_padding__hover=\u00bb|||\u00bb theme_builder_area=\u00bbpost_content\u00bb][et_pb_image src=\u00bbhttps:\/\/monicaperello.com\/wp-content\/uploads\/peluqueria-especializada-coloracion.jpg\u00bb title_text=\u00bbpeluqueria-especializada-coloracion\u00bb force_fullwidth=\u00bbon\u00bb align_tablet=\u00bbcenter\u00bb align_phone=\u00bbcenter\u00bb align_last_edited=\u00bbon|desktop\u00bb _builder_version=\u00bb4.23&#8243; z_index=\u00bb500&#8243; custom_margin=\u00bb-175px||||false|false\u00bb custom_margin_tablet=\u00bb0%||0px||false|false\u00bb custom_margin_phone=\u00bb0%||0px||false|false\u00bb custom_margin_last_edited=\u00bbon|tablet\u00bb animation_style=\u00bbslide\u00bb animation_direction=\u00bbbottom\u00bb animation_intensity_slide=\u00bb5%\u00bb hover_enabled=\u00bb0&#8243; box_shadow_style=\u00bbpreset3&#8243; box_shadow_vertical=\u00bb70px\u00bb box_shadow_blur=\u00bb80px\u00bb box_shadow_spread=\u00bb-60px\u00bb global_colors_info=\u00bb{}\u00bb theme_builder_area=\u00bbpost_content\u00bb sticky_enabled=\u00bb0&#8243;]&nbsp;<br \/>\n[\/et_pb_image][\/et_pb_column][\/et_pb_row][\/et_pb_section][et_pb_section fb_built=\u00bb1&#8243; admin_label=\u00bbHow it works\u00bb _builder_version=\u00bb4.23&#8243; use_background_color_gradient=\u00bbon\u00bb background_color_gradient_stops=\u00bb#ffffff 0%|rgba(236,213,197,0.45) 100%\u00bb background_color_gradient_start=\u00bb#ffffff\u00bb background_color_gradient_end=\u00bb#f2e3de\u00bb top_divider_style=\u00bbarrow3&#8243; top_divider_color=\u00bbrgba(255,255,255,0.6)\u00bb top_divider_height=\u00bb800px\u00bb top_divider_repeat=\u00bb2x\u00bb locked=\u00bboff\u00bb global_colors_info=\u00bb{}\u00bb theme_builder_area=\u00bbpost_content\u00bb][et_pb_row _builder_version=\u00bb4.16&#8243; global_colors_info=\u00bb{}\u00bb theme_builder_area=\u00bbpost_content\u00bb][et_pb_column type=\u00bb4_4&#8243; _builder_version=\u00bb4.16&#8243; custom_padding=\u00bb|||\u00bb global_colors_info=\u00bb{}\u00bb custom_padding__hover=\u00bb|||\u00bb theme_builder_area=\u00bbpost_content\u00bb][et_pb_text _builder_version=\u00bb4.23&#8243; text_font=\u00bb|700|||||||\u00bb text_text_color=\u00bb#ECD5C5&#8243; text_font_size=\u00bb1.2em\u00bb text_letter_spacing=\u00bb8px\u00bb link_font=\u00bb||||||||\u00bb ul_font=\u00bb||||||||\u00bb header_font=\u00bb||||||||\u00bb header_2_font=\u00bb||||||||\u00bb header_3_font=\u00bb|700|||||||\u00bb header_3_font_size=\u00bb2.5em\u00bb header_3_letter_spacing=\u00bb1px\u00bb header_4_font=\u00bb||||||||\u00bb text_orientation=\u00bbcenter\u00bb max_width_tablet=\u00bb100%\u00bb max_width_phone=\u00bb100%\u00bb max_width_last_edited=\u00bboff|desktop\u00bb module_alignment=\u00bbright\u00bb hover_enabled=\u00bb0&#8243; global_colors_info=\u00bb{}\u00bb theme_builder_area=\u00bbpost_content\u00bb sticky_enabled=\u00bb0&#8243;]<\/p>\n<p>COLORACI\u00d3N Y TRATAMIENTOS<\/p>\n<h3>\u00bfC\u00f3mo trabajaremos?<\/h3>\n<p>[\/et_pb_text][\/et_pb_column][\/et_pb_row][et_pb_row column_structure=\u00bb1_3,1_3,1_3&#8243; _builder_version=\u00bb4.23&#8243; global_colors_info=\u00bb{}\u00bb theme_builder_area=\u00bbpost_content\u00bb][et_pb_column type=\u00bb1_3&#8243; _builder_version=\u00bb4.16&#8243; custom_padding=\u00bb|||\u00bb global_colors_info=\u00bb{}\u00bb custom_padding__hover=\u00bb|||\u00bb theme_builder_area=\u00bbpost_content\u00bb][et_pb_blurb title=\u00bbConozc\u00e1monos\u00bb use_icon=\u00bbon\u00bb font_icon=\u00bb&#xf086;||fa||400&#8243; icon_color=\u00bb#ffffff\u00bb image_icon_background_color=\u00bb#ECD5C5&#8243; image_icon_width=\u00bb48px\u00bb _builder_version=\u00bb4.23&#8243; header_font=\u00bbCormorant Garamond|700|||||||\u00bb header_text_align=\u00bbcenter\u00bb header_font_size=\u00bb30px\u00bb header_line_height=\u00bb1.5em\u00bb body_font=\u00bbCormorant Garamond||||||||\u00bb body_font_size=\u00bb1.2em\u00bb image_icon_custom_padding=\u00bb25px|25px|25px|25px|false|false\u00bb text_orientation=\u00bbjustified\u00bb animation_style=\u00bbfade\u00bb animation=\u00bboff\u00bb hover_enabled=\u00bb0&#8243; border_radii_image=\u00bbon|100%|100%|100%|100%\u00bb use_circle=\u00bbon\u00bb circle_color=\u00bb#ecd5c5&#8243; global_colors_info=\u00bb{}\u00bb image_icon_background_color__sticky_enabled=\u00bb#171d23&#8243; image_icon_background_color__sticky=\u00bb#171d23&#8243; theme_builder_area=\u00bbpost_content\u00bb sticky_enabled=\u00bb0&#8243;]<\/p>\n<p>Antes que nada me explicar\u00e1s c\u00f3mo tienes el cabello actualmente y todos los trabajos t\u00e9cnicos (color, mechas, keratinas&#8230;) que te hayas realizado y cu\u00e1l es el color que quieres conseguir. A partir de aqu\u00ed te dar\u00e9 mi opini\u00f3n profesional y el camino a seguir.<\/p>\n<p>[\/et_pb_blurb][\/et_pb_column][et_pb_column type=\u00bb1_3&#8243; _builder_version=\u00bb4.16&#8243; custom_padding=\u00bb|||\u00bb global_colors_info=\u00bb{}\u00bb custom_padding__hover=\u00bb|||\u00bb theme_builder_area=\u00bbpost_content\u00bb][et_pb_blurb title=\u00bbCita\u00bb use_icon=\u00bbon\u00bb font_icon=\u00bb&#xf58c;||fa||400&#8243; icon_color=\u00bb#ffffff\u00bb image_icon_background_color=\u00bb#ecd5c5&#8243; image_icon_width=\u00bb48px\u00bb _builder_version=\u00bb4.23&#8243; header_font=\u00bbCormorant Garamond|700|||||||\u00bb header_text_align=\u00bbcenter\u00bb header_font_size=\u00bb30px\u00bb header_line_height=\u00bb1.5em\u00bb body_font=\u00bbCormorant Garamond||||||||\u00bb body_font_size=\u00bb1.2em\u00bb image_icon_custom_padding=\u00bb25px|25px|25px|25px|false|false\u00bb text_orientation=\u00bbjustified\u00bb animation_style=\u00bbfade\u00bb animation=\u00bboff\u00bb hover_enabled=\u00bb0&#8243; border_radii_image=\u00bbon|100%|100%|100%|100%\u00bb use_circle=\u00bbon\u00bb circle_color=\u00bb#ecd5c5&#8243; global_colors_info=\u00bb{}\u00bb image_icon_background_color__sticky_enabled=\u00bb#171d23&#8243; image_icon_background_color__sticky=\u00bb#171d23&#8243; theme_builder_area=\u00bbpost_content\u00bb sticky_enabled=\u00bb0&#8243;]<\/p>\n<p>Acordaremos un d\u00eda y hora y nos encontraremos en mi sal\u00f3n. Pasaremos un buen rato juntas, har\u00e9 que te sientas relajada \u00a1y te dediques a ti misma este ratito!<\/p>\n<p>[\/et_pb_blurb][\/et_pb_column][et_pb_column type=\u00bb1_3&#8243; _builder_version=\u00bb4.16&#8243; custom_padding=\u00bb|||\u00bb global_colors_info=\u00bb{}\u00bb custom_padding__hover=\u00bb|||\u00bb theme_builder_area=\u00bbpost_content\u00bb][et_pb_blurb title=\u00bbMantenimiento\u00bb use_icon=\u00bbon\u00bb font_icon=\u00bb&#xf2b5;||fa||400&#8243; icon_color=\u00bb#ffffff\u00bb image_icon_background_color=\u00bb#ecd5c5&#8243; image_icon_width=\u00bb48px\u00bb _builder_version=\u00bb4.23&#8243; header_font=\u00bbCormorant Garamond|700|||||||\u00bb header_text_align=\u00bbcenter\u00bb header_font_size=\u00bb30px\u00bb header_line_height=\u00bb1.5em\u00bb body_font=\u00bbCormorant Garamond||||||||\u00bb body_font_size=\u00bb1.2em\u00bb image_icon_custom_padding=\u00bb25px|25px|25px|25px|false|false\u00bb text_orientation=\u00bbjustified\u00bb animation_style=\u00bbfade\u00bb animation=\u00bboff\u00bb hover_enabled=\u00bb0&#8243; border_radii_image=\u00bbon|100%|100%|100%|100%\u00bb use_circle=\u00bbon\u00bb circle_color=\u00bb#ecd5c5&#8243; global_colors_info=\u00bb{}\u00bb image_icon_background_color__sticky_enabled=\u00bb#171d23&#8243; image_icon_background_color__sticky=\u00bb#171d23&#8243; theme_builder_area=\u00bbpost_content\u00bb sticky_enabled=\u00bb0&#8243;]<\/p>\n<p>Me encargar\u00e9 de conseguir tu color so\u00f1ado, \u00a1pero ahora es tu turno! Te dar\u00e9 unas recomendaciones y consejos que seguir\u00e1s en casa y te podr\u00e1s encargar de mimar y cuidar tu melena para que aguante perfecta durante m\u00e1s tiempo.<\/p>\n<p>[\/et_pb_blurb][\/et_pb_column][\/et_pb_row][\/et_pb_section][et_pb_section fb_built=\u00bb1&#8243; theme_builder_area=\u00bbpost_content\u00bb _builder_version=\u00bb4.23&#8243; _module_preset=\u00bbdefault\u00bb sticky_enabled=\u00bb0&#8243; box_shadow_style=\u00bbpreset7&#8243; box_shadow_horizontal=\u00bb0px\u00bb box_shadow_vertical=\u00bb210px\u00bb box_shadow_color=\u00bb#ffffff\u00bb][et_pb_row _builder_version=\u00bb4.16&#8243; global_colors_info=\u00bb{}\u00bb theme_builder_area=\u00bbpost_content\u00bb][et_pb_column type=\u00bb4_4&#8243; _builder_version=\u00bb4.16&#8243; custom_padding=\u00bb|||\u00bb global_colors_info=\u00bb{}\u00bb custom_padding__hover=\u00bb|||\u00bb theme_builder_area=\u00bbpost_content\u00bb][et_pb_text _builder_version=\u00bb4.23&#8243; text_font=\u00bb|700|||||||\u00bb text_text_color=\u00bb#ECD5C5&#8243; text_font_size=\u00bb1.2em\u00bb text_letter_spacing=\u00bb8px\u00bb link_font=\u00bb||||||||\u00bb ul_font=\u00bb||||||||\u00bb header_font=\u00bb||||||||\u00bb header_2_font=\u00bb||||||||\u00bb header_3_font=\u00bb|700|||||||\u00bb header_3_font_size=\u00bb2.5em\u00bb header_3_letter_spacing=\u00bb1px\u00bb header_4_font=\u00bb||||||||\u00bb text_orientation=\u00bbcenter\u00bb max_width_tablet=\u00bb100%\u00bb max_width_phone=\u00bb100%\u00bb max_width_last_edited=\u00bboff|desktop\u00bb module_alignment=\u00bbright\u00bb hover_enabled=\u00bb0&#8243; global_colors_info=\u00bb{}\u00bb theme_builder_area=\u00bbpost_content\u00bb sticky_enabled=\u00bb0&#8243;]<\/p>\n<p>GALER\u00cdA DE IM\u00c1GENES<\/p>\n<h3>Resultados de mis clientas<\/h3>\n<p>[\/et_pb_text][\/et_pb_column][\/et_pb_row][et_pb_row _builder_version=\u00bb4.23&#8243; _module_preset=\u00bbdefault\u00bb theme_builder_area=\u00bbpost_content\u00bb module_class=\u00bbmasonry\u00bb hover_enabled=\u00bb0&#8243; sticky_enabled=\u00bb0&#8243;][et_pb_column _builder_version=\u00bb4.23&#8243; _module_preset=\u00bbdefault\u00bb type=\u00bb4_4&#8243; theme_builder_area=\u00bbpost_content\u00bb][et_pb_text _builder_version=\u00bb4.23&#8243; text_orientation=\u00bbjustified\u00bb hover_enabled=\u00bb0&#8243; global_colors_info=\u00bb{}\u00bb theme_builder_area=\u00bbpost_content\u00bb sticky_enabled=\u00bb0&#8243;]<\/p>\n<p>El cuidado del cabello es esencial para que est\u00e9 fuerte y saludable. Ofrezco una variedad de productos y tratamientos capilares para abordar diferentes necesidades, como hidrataci\u00f3n profunda, reparaci\u00f3n, control de caspa, grasa, encrespado y m\u00e1s.<\/p>\n<p><strong>Uso productos de alta calidad y t\u00e9cnicas probadas<\/strong> para asegurar que el cabello tenga el trato que se merece.<\/p>\n<p>[\/et_pb_text][et_pb_gallery gallery_ids=\u00bb1563,1565,1575,1567,1569,1571,1579,1573,1583&#8243; posts_number=\u00bb120&#8243; orientation=\u00bbportrait\u00bb show_title_and_caption=\u00bboff\u00bb show_pagination=\u00bboff\u00bb zoom_icon_color=\u00bb#ECD5C5&#8243; hover_overlay_color=\u00bbrgba(63,61,62,0.65)\u00bb hover_icon=\u00bb&#x54;||divi||400&#8243; _builder_version=\u00bb4.23&#8243; _module_preset=\u00bbdefault\u00bb custom_margin_tablet=\u00bb0px||||false|false\u00bb custom_margin_phone=\u00bb0px||||false|false\u00bb custom_margin_last_edited=\u00bboff|desktop\u00bb hover_enabled=\u00bb0&#8243; global_colors_info=\u00bb{}\u00bb locked=\u00bboff\u00bb theme_builder_area=\u00bbpost_content\u00bb sticky_enabled=\u00bb0&#8243; custom_margin__hover_enabled=\u00bboff|desktop\u00bb][\/et_pb_gallery][\/et_pb_column][\/et_pb_row][\/et_pb_section][et_pb_section fb_built=\u00bb1&#8243; admin_label=\u00bbWhat we do\u00bb _builder_version=\u00bb4.23&#8243; box_shadow_style=\u00bbpreset7&#8243; box_shadow_horizontal=\u00bb0px\u00bb box_shadow_vertical=\u00bb210px\u00bb box_shadow_color=\u00bb#ffffff\u00bb locked=\u00bboff\u00bb global_colors_info=\u00bb{}\u00bb theme_builder_area=\u00bbpost_content\u00bb][et_pb_row _builder_version=\u00bb4.16&#8243; locked=\u00bboff\u00bb global_colors_info=\u00bb{}\u00bb theme_builder_area=\u00bbpost_content\u00bb][et_pb_column type=\u00bb4_4&#8243; _builder_version=\u00bb4.16&#8243; custom_padding=\u00bb|||\u00bb global_colors_info=\u00bb{}\u00bb custom_padding__hover=\u00bb|||\u00bb theme_builder_area=\u00bbpost_content\u00bb][et_pb_text _builder_version=\u00bb4.23&#8243; text_font=\u00bb|700|||||||\u00bb text_text_color=\u00bb#ECD5C5&#8243; text_font_size=\u00bb1.2em\u00bb text_letter_spacing=\u00bb8px\u00bb link_font=\u00bb||||||||\u00bb ul_font=\u00bb||||||||\u00bb header_font=\u00bb||||||||\u00bb header_2_font=\u00bb||||||||\u00bb header_3_font=\u00bb|700|||||||\u00bb header_3_font_size=\u00bb2.5em\u00bb header_3_letter_spacing=\u00bb1px\u00bb header_4_font=\u00bb||||||||\u00bb text_orientation=\u00bbcenter\u00bb max_width_tablet=\u00bb100%\u00bb max_width_phone=\u00bb100%\u00bb max_width_last_edited=\u00bboff|desktop\u00bb module_alignment=\u00bbright\u00bb hover_enabled=\u00bb0&#8243; locked=\u00bboff\u00bb global_colors_info=\u00bb{}\u00bb theme_builder_area=\u00bbpost_content\u00bb sticky_enabled=\u00bb0&#8243;]\u00bfTIENES DUDAS?<\/p>\n<h3 id=\"faq\">Preguntas frecuentes<\/h3>\n<p>[\/et_pb_text][et_pb_toggle title=\u00bb\u00bfCon cu\u00e1nta antelaci\u00f3n tengo que programar mi cita?\u00bb open_toggle_text_color=\u00bb#3F3D3E\u00bb open_toggle_background_color=\u00bbrgba(236,213,197,0.1)\u00bb closed_toggle_background_color=\u00bbRGBA(255,255,255,0)\u00bb icon_color=\u00bb#ECD5C5&#8243; toggle_icon=\u00bb&#x4c;||divi||400&#8243; use_icon_font_size=\u00bbon\u00bb icon_font_size=\u00bb40px\u00bb open_icon_color=\u00bb#ECD5C5&#8243; open_toggle_icon=\u00bb&#x4d;||divi||400&#8243; open_use_icon_font_size=\u00bbon\u00bb open_icon_font_size=\u00bb40px\u00bb _builder_version=\u00bb4.23&#8243; _module_preset=\u00bbdefault\u00bb title_text_color=\u00bb#3F3D3E\u00bb title_font=\u00bb|700|||||||\u00bb title_font_size=\u00bb1.4em\u00bb background_color=\u00bbRGBA(255,255,255,0)\u00bb text_orientation=\u00bbjustified\u00bb custom_margin=\u00bb||2%||false|false\u00bb hover_enabled=\u00bb0&#8243; global_colors_info=\u00bb{}\u00bb theme_builder_area=\u00bbpost_content\u00bb sticky_enabled=\u00bb0&#8243;]<\/p>\n<p>Cuanto antes mejor, ya que hay horas que se llenan muy r\u00e1pido.<\/p>\n<p>[\/et_pb_toggle][et_pb_toggle title=\u00bb\u00bfCu\u00e1nto tiempo necesito?\u00bb open_toggle_text_color=\u00bb#3F3D3E\u00bb open_toggle_background_color=\u00bbrgba(236,213,197,0.1)\u00bb closed_toggle_background_color=\u00bbRGBA(255,255,255,0)\u00bb icon_color=\u00bb#ECD5C5&#8243; toggle_icon=\u00bb&#x4c;||divi||400&#8243; use_icon_font_size=\u00bbon\u00bb icon_font_size=\u00bb40px\u00bb open_icon_color=\u00bb#ECD5C5&#8243; open_toggle_icon=\u00bb&#x4d;||divi||400&#8243; open_use_icon_font_size=\u00bbon\u00bb open_icon_font_size=\u00bb40px\u00bb _builder_version=\u00bb4.23&#8243; _module_preset=\u00bbdefault\u00bb title_text_color=\u00bb#3F3D3E\u00bb title_font=\u00bb|700|||||||\u00bb title_font_size=\u00bb1.4em\u00bb background_color=\u00bbRGBA(255,255,255,0)\u00bb text_orientation=\u00bbjustified\u00bb custom_margin=\u00bb||2%||false|false\u00bb hover_enabled=\u00bb0&#8243; global_colors_info=\u00bb{}\u00bb theme_builder_area=\u00bbpost_content\u00bb sticky_enabled=\u00bb0&#8243;]<\/p>\n<p> El servicio durar\u00e1 entre 2 y 4 horas dependiendo del trabajo o tratamiento a realizar.<\/p>\n<p>[\/et_pb_toggle][et_pb_toggle title=\u00bb\u00bfCada cu\u00e1nto tengo que venir al sal\u00f3n?\u00bb open_toggle_text_color=\u00bb#3F3D3E\u00bb open_toggle_background_color=\u00bbrgba(236,213,197,0.1)\u00bb closed_toggle_background_color=\u00bbRGBA(255,255,255,0)\u00bb icon_color=\u00bb#ECD5C5&#8243; toggle_icon=\u00bb&#x4c;||divi||400&#8243; use_icon_font_size=\u00bbon\u00bb icon_font_size=\u00bb40px\u00bb open_icon_color=\u00bb#ECD5C5&#8243; open_toggle_icon=\u00bb&#x4d;||divi||400&#8243; open_use_icon_font_size=\u00bbon\u00bb open_icon_font_size=\u00bb40px\u00bb _builder_version=\u00bb4.23&#8243; _module_preset=\u00bbdefault\u00bb title_text_color=\u00bb#3F3D3E\u00bb title_font=\u00bb|700|||||||\u00bb title_font_size=\u00bb1.4em\u00bb background_color=\u00bbRGBA(255,255,255,0)\u00bb text_orientation=\u00bbjustified\u00bb custom_margin=\u00bb||2%||false|false\u00bb hover_enabled=\u00bb0&#8243; global_colors_info=\u00bb{}\u00bb theme_builder_area=\u00bbpost_content\u00bb sticky_enabled=\u00bb0&#8243;]<\/p>\n<p>Dependiendo de c\u00f3mo quieras llevar el color y el crecimiento de raiz. Hay trabajos que se hacen 2 y 4 veces al a\u00f1o.<\/p>\n<p>[\/et_pb_toggle][et_pb_toggle title=\u00bb\u00bfC\u00f3mo mantengo el color bonito durante tanto tiempo?\u00bb open_toggle_text_color=\u00bb#3F3D3E\u00bb open_toggle_background_color=\u00bbrgba(236,213,197,0.1)\u00bb closed_toggle_background_color=\u00bbRGBA(255,255,255,0)\u00bb icon_color=\u00bb#ECD5C5&#8243; toggle_icon=\u00bb&#x4c;||divi||400&#8243; use_icon_font_size=\u00bbon\u00bb icon_font_size=\u00bb40px\u00bb open_icon_color=\u00bb#ECD5C5&#8243; open_toggle_icon=\u00bb&#x4d;||divi||400&#8243; open_use_icon_font_size=\u00bbon\u00bb open_icon_font_size=\u00bb40px\u00bb _builder_version=\u00bb4.23&#8243; _module_preset=\u00bbdefault\u00bb title_text_color=\u00bb#3F3D3E\u00bb title_font=\u00bb|700|||||||\u00bb title_font_size=\u00bb1.4em\u00bb background_color=\u00bbRGBA(255,255,255,0)\u00bb text_orientation=\u00bbjustified\u00bb custom_margin=\u00bb||2%||false|false\u00bb hover_enabled=\u00bb0&#8243; global_colors_info=\u00bb{}\u00bb theme_builder_area=\u00bbpost_content\u00bb sticky_enabled=\u00bb0&#8243;]<\/p>\n<p>Te dar\u00e9 una serie de pautas que podr\u00e1s hacer t\u00fa misma. Tambi\u00e9n dispongo de productos a la venta de alta calidad para que puedas hacer el mantenimiento en casa.<\/p>\n<p>[\/et_pb_toggle][\/et_pb_column][\/et_pb_row][\/et_pb_section]<\/p>\n","protected":false},"excerpt":{"rendered":"<p>La coloraci\u00f3n es una forma maravillosa para realzar cualquier estilo. Ofrezco servicios de coloraci\u00f3n profesional para ayudarte a tener el tono que desees. Si est\u00e1s cansada de las canas, no te sientes c\u00f3moda con los resultados que obtienes, est\u00e1s harta de que tu color sea muy esclavo&#8230; Juntas conseguiremos transformar tu melena y cuidarla para [&hellip;]<\/p>\n","protected":false},"author":1,"featured_media":0,"parent":0,"menu_order":0,"comment_status":"closed","ping_status":"closed","template":"","meta":{"_et_pb_use_builder":"on","_et_pb_old_content":"","_et_gb_content_width":"","_joinchat":[],"footnotes":""},"class_list":["post-1610","page","type-page","status-publish","hentry"],"_links":{"self":[{"href":"https:\/\/monicaperello.com\/es\/wp-json\/wp\/v2\/pages\/1610","targetHints":{"allow":["GET"]}}],"collection":[{"href":"https:\/\/monicaperello.com\/es\/wp-json\/wp\/v2\/pages"}],"about":[{"href":"https:\/\/monicaperello.com\/es\/wp-json\/wp\/v2\/types\/page"}],"author":[{"embeddable":true,"href":"https:\/\/monicaperello.com\/es\/wp-json\/wp\/v2\/users\/1"}],"replies":[{"embeddable":true,"href":"https:\/\/monicaperello.com\/es\/wp-json\/wp\/v2\/comments?post=1610"}],"version-history":[{"count":5,"href":"https:\/\/monicaperello.com\/es\/wp-json\/wp\/v2\/pages\/1610\/revisions"}],"predecessor-version":[{"id":1615,"href":"https:\/\/monicaperello.com\/es\/wp-json\/wp\/v2\/pages\/1610\/revisions\/1615"}],"wp:attachment":[{"href":"https:\/\/monicaperello.com\/es\/wp-json\/wp\/v2\/media?parent=1610"}],"curies":[{"name":"wp","href":"https:\/\/api.w.org\/{rel}","templated":true}]}}