{"id":1601,"date":"2023-07-06T14:41:32","date_gmt":"2023-07-06T12:41:32","guid":{"rendered":"https:\/\/monicaperello.com\/contacto\/"},"modified":"2024-02-08T08:40:06","modified_gmt":"2024-02-08T07:40:06","slug":"contacto","status":"publish","type":"page","link":"https:\/\/monicaperello.com\/es\/contacto\/","title":{"rendered":"Contacto"},"content":{"rendered":"<p>[et_pb_section fb_built=\u00bb1&#8243; custom_padding_last_edited=\u00bbon|phone\u00bb admin_label=\u00bbHow it works\u00bb _builder_version=\u00bb4.23&#8243; use_background_color_gradient=\u00bbon\u00bb background_color_gradient_stops=\u00bb#ffffff 0%|rgba(236,213,197,0.45) 100%\u00bb background_color_gradient_start=\u00bb#ffffff\u00bb background_color_gradient_end=\u00bb#f2e3de\u00bb custom_padding_tablet=\u00bb||0px||false|false\u00bb custom_padding_phone=\u00bb||0px||false|false\u00bb top_divider_style=\u00bbarrow3&#8243; top_divider_color=\u00bbrgba(255,255,255,0.6)\u00bb top_divider_height=\u00bb800px\u00bb top_divider_repeat=\u00bb2x\u00bb top_divider_height_tablet=\u00bb400px\u00bb top_divider_height_phone=\u00bb400px\u00bb top_divider_height_last_edited=\u00bbon|phone\u00bb locked=\u00bboff\u00bb global_colors_info=\u00bb{}\u00bb][et_pb_row _builder_version=\u00bb4.23&#8243; custom_padding=\u00bb0px||||false|false\u00bb global_colors_info=\u00bb{}\u00bb][et_pb_column type=\u00bb4_4&#8243; _builder_version=\u00bb4.16&#8243; custom_padding=\u00bb|||\u00bb global_colors_info=\u00bb{}\u00bb custom_padding__hover=\u00bb|||\u00bb][et_pb_post_title meta=\u00bboff\u00bb featured_image=\u00bboff\u00bb _builder_version=\u00bb4.23&#8243; _module_preset=\u00bbdefault\u00bb title_font=\u00bb|700|||||||\u00bb global_colors_info=\u00bb{}\u00bb][\/et_pb_post_title][\/et_pb_column][\/et_pb_row][\/et_pb_section][et_pb_section fb_built=\u00bb1&#8243; _builder_version=\u00bb4.23&#8243; _module_preset=\u00bbdefault\u00bb global_colors_info=\u00bb{}\u00bb][et_pb_row column_structure=\u00bb1_2,1_2&#8243; module_class=\u00bbmasonry\u00bb _builder_version=\u00bb4.23&#8243; _module_preset=\u00bbdefault\u00bb custom_padding=\u00bb0px||||false|false\u00bb global_colors_info=\u00bb{}\u00bb][et_pb_column type=\u00bb1_2&#8243; _builder_version=\u00bb4.23&#8243; _module_preset=\u00bbdefault\u00bb global_colors_info=\u00bb{}\u00bb][et_pb_text _builder_version=\u00bb4.23&#8243; _module_preset=\u00bbdefault\u00bb text_orientation=\u00bbjustified\u00bb global_colors_info=\u00bb{}\u00bb]<\/p>\n<p>Si buscas tu mejor versi\u00f3n para este d\u00eda tan especial o quieres <strong>potenciar tu melena y sacarle el m\u00e1ximo partido<\/strong> tan solo me tienes que contactar, sin compromiso. Rellena el formulario que encontrar\u00e1s aqu\u00ed abajo o escr\u00edbeme un e-mail o por Whatsapp, \u00a1y te responder\u00e9 lo antes posible!<\/p>\n<p>\u00a1Estoy emocionada de poder trabajar contigo y <strong>ayudarte a lucir tu mejor versi\u00f3n en un d\u00eda tan importante!<\/strong> \u00a1Espero que nos conozcamos pronto!<\/p>\n<p>[\/et_pb_text][et_pb_text _builder_version=\u00bb4.23&#8243; _module_preset=\u00bbdefault\u00bb header_3_font=\u00bb|700|||||||\u00bb global_colors_info=\u00bb{}\u00bb]<\/p>\n<h3>\u00a1Ven a verme a mi estudio!<\/h3>\n<p>C\/ Carme, 8 bajos 25300 T\u00e0rrega<br \/>Tel. 640 16 57 23<br \/>hola@monicaperello.com<\/p>\n<p>[\/et_pb_text][\/et_pb_column][et_pb_column type=\u00bb1_2&#8243; _builder_version=\u00bb4.23&#8243; _module_preset=\u00bbdefault\u00bb global_colors_info=\u00bb{}\u00bb][et_pb_code raw_content_tablet=\u00bb<iframe src=%22https:\/\/www.google.com\/maps\/embed?pb=!1m14!1m8!1m3!1d11925.628686911745!2d1.1396002!3d41.6469439!3m2!1i1024!2i768!4f13.1!3m3!1m2!1s0x12a69ecddb7a8fad%3A0x14442bce57596e7a!2sPerell%C3%B3%20Peinados!5e0!3m2!1ses!2ses!4v1698759837719!5m2!1ses!2ses%22 width=%22100%%22 height=%22350%22 style=%22border:0;%22 allowfullscreen=%22%22 loading=%22lazy%22 referrerpolicy=%22no-referrer-when-downgrade%22><\/iframe>\u00bb raw_content_phone=\u00bb<iframe src=%22https:\/\/www.google.com\/maps\/embed?pb=!1m14!1m8!1m3!1d11925.628686911745!2d1.1396002!3d41.6469439!3m2!1i1024!2i768!4f13.1!3m3!1m2!1s0x12a69ecddb7a8fad%3A0x14442bce57596e7a!2sPerell%C3%B3%20Peinados!5e0!3m2!1ses!2ses!4v1698759837719!5m2!1ses!2ses%22 width=%22100%%22 height=%22350%22 style=%22border:0;%22 allowfullscreen=%22%22 loading=%22lazy%22 referrerpolicy=%22no-referrer-when-downgrade%22><\/iframe>\u00bb raw_content_last_edited=\u00bbon|phone\u00bb _builder_version=\u00bb4.23&#8243; _module_preset=\u00bbdefault\u00bb custom_margin=\u00bb-100px||||false|false\u00bb custom_margin_tablet=\u00bb0px||||false|false\u00bb custom_margin_phone=\u00bb0px||||false|false\u00bb custom_margin_last_edited=\u00bbon|tablet\u00bb global_colors_info=\u00bb{}\u00bb]<iframe src=\"https:\/\/www.google.com\/maps\/embed?pb=!1m14!1m8!1m3!1d11925.628686911745!2d1.1396002!3d41.6469439!3m2!1i1024!2i768!4f13.1!3m3!1m2!1s0x12a69ecddb7a8fad%3A0x14442bce57596e7a!2sPerell%C3%B3%20Peinados!5e0!3m2!1ses!2ses!4v1698759837719!5m2!1ses!2ses\" width=\"100%\" height=\"450\" style=\"border:0;\" allowfullscreen=\"\" loading=\"lazy\" referrerpolicy=\"no-referrer-when-downgrade\"><\/iframe>[\/et_pb_code][et_pb_button button_url=\u00bb#cita\u00bb button_text=\u00bbReserva tu cita ahora\u00bb button_alignment_tablet=\u00bb\u00bb button_alignment_phone=\u00bbcenter\u00bb button_alignment_last_edited=\u00bbon|phone\u00bb _builder_version=\u00bb4.23&#8243; _module_preset=\u00bbdefault\u00bb custom_button=\u00bbon\u00bb button_bg_color=\u00bb#ffffff\u00bb button_border_width=\u00bb14px\u00bb button_border_color=\u00bb#FFFFFF\u00bb button_letter_spacing=\u00bb4px\u00bb button_icon=\u00bb&#xf2b6;||fa||400&#8243; positioning=\u00bbabsolute\u00bb position_origin_a=\u00bbbottom_right\u00bb horizontal_offset=\u00bb-15px\u00bb position_origin_a_tablet=\u00bbbottom_right\u00bb position_origin_a_phone=\u00bbbottom_right\u00bb position_origin_a_last_edited=\u00bbon|phone\u00bb position_origin_f_tablet=\u00bb\u00bb position_origin_f_phone=\u00bb\u00bb position_origin_f_last_edited=\u00bbon|phone\u00bb position_origin_r_tablet=\u00bb\u00bb position_origin_r_phone=\u00bb\u00bb position_origin_r_last_edited=\u00bbon|phone\u00bb custom_margin=\u00bb|||\u00bb positioning_tablet=\u00bbabsolute\u00bb positioning_phone=\u00bbnone\u00bb positioning_last_edited=\u00bbon|tablet\u00bb locked=\u00bboff\u00bb global_colors_info=\u00bb{}\u00bb button_bg_color__hover=\u00bb#ECD5C5&#8243; button_bg_color__hover_enabled=\u00bbon|desktop\u00bb button_border_color__hover=\u00bb#ecd5c5&#8243; button_border_color__hover_enabled=\u00bbon|desktop\u00bb button_letter_spacing__hover=\u00bb4px\u00bb button_letter_spacing__hover_enabled=\u00bbon|desktop\u00bb custom_css_main_element_last_edited=\u00bbon|tablet\u00bb custom_css_main_element_phone=\u00bbmax-width: 75%\u00bb custom_css_main_element_tablet=\u00bbmax-width: 100%;\u00bb button_text_color__hover=\u00bb#ffffff\u00bb button_text_color__hover_enabled=\u00bbon\u00bb][\/et_pb_button][\/et_pb_column][\/et_pb_row][\/et_pb_section]<\/p>\n","protected":false},"excerpt":{"rendered":"<p>Si buscas tu mejor versi\u00f3n para este d\u00eda tan especial o quieres potenciar tu melena y sacarle el m\u00e1ximo partido tan solo me tienes que contactar, sin compromiso. Rellena el formulario que encontrar\u00e1s aqu\u00ed abajo o escr\u00edbeme un e-mail o por Whatsapp, \u00a1y te responder\u00e9 lo antes posible! \u00a1Estoy emocionada de poder trabajar contigo y [&hellip;]<\/p>\n","protected":false},"author":1,"featured_media":0,"parent":0,"menu_order":0,"comment_status":"closed","ping_status":"closed","template":"","meta":{"_et_pb_use_builder":"on","_et_pb_old_content":"","_et_gb_content_width":"","_joinchat":[],"footnotes":""},"class_list":["post-1601","page","type-page","status-publish","hentry"],"_links":{"self":[{"href":"https:\/\/monicaperello.com\/es\/wp-json\/wp\/v2\/pages\/1601","targetHints":{"allow":["GET"]}}],"collection":[{"href":"https:\/\/monicaperello.com\/es\/wp-json\/wp\/v2\/pages"}],"about":[{"href":"https:\/\/monicaperello.com\/es\/wp-json\/wp\/v2\/types\/page"}],"author":[{"embeddable":true,"href":"https:\/\/monicaperello.com\/es\/wp-json\/wp\/v2\/users\/1"}],"replies":[{"embeddable":true,"href":"https:\/\/monicaperello.com\/es\/wp-json\/wp\/v2\/comments?post=1601"}],"version-history":[{"count":6,"href":"https:\/\/monicaperello.com\/es\/wp-json\/wp\/v2\/pages\/1601\/revisions"}],"predecessor-version":[{"id":1684,"href":"https:\/\/monicaperello.com\/es\/wp-json\/wp\/v2\/pages\/1601\/revisions\/1684"}],"wp:attachment":[{"href":"https:\/\/monicaperello.com\/es\/wp-json\/wp\/v2\/media?parent=1601"}],"curies":[{"name":"wp","href":"https:\/\/api.w.org\/{rel}","templated":true}]}}