{"id":524,"date":"2023-07-06T14:41:32","date_gmt":"2023-07-06T12:41:32","guid":{"rendered":"https:\/\/great-swanson.146-59-208-45.plesk.page\/?page_id=524"},"modified":"2024-02-08T08:40:06","modified_gmt":"2024-02-08T07:40:06","slug":"contacte","status":"publish","type":"page","link":"https:\/\/monicaperello.com\/ca\/contacte\/","title":{"rendered":"Contacte"},"content":{"rendered":"<p>[et_pb_section fb_built=&#8221;1&#8243; custom_padding_last_edited=&#8221;on|phone&#8221; admin_label=&#8221;How it works&#8221; _builder_version=&#8221;4.23&#8243; use_background_color_gradient=&#8221;on&#8221; background_color_gradient_stops=&#8221;#ffffff 0%|rgba(236,213,197,0.45) 100%&#8221; background_color_gradient_start=&#8221;#ffffff&#8221; background_color_gradient_end=&#8221;#f2e3de&#8221; custom_padding_tablet=&#8221;||0px||false|false&#8221; custom_padding_phone=&#8221;||0px||false|false&#8221; top_divider_style=&#8221;arrow3&#8243; top_divider_color=&#8221;rgba(255,255,255,0.6)&#8221; top_divider_height=&#8221;800px&#8221; top_divider_repeat=&#8221;2x&#8221; top_divider_height_tablet=&#8221;400px&#8221; top_divider_height_phone=&#8221;400px&#8221; top_divider_height_last_edited=&#8221;on|phone&#8221; locked=&#8221;off&#8221; global_colors_info=&#8221;{}&#8221;][et_pb_row _builder_version=&#8221;4.23&#8243; custom_padding=&#8221;0px||||false|false&#8221; global_colors_info=&#8221;{}&#8221;][et_pb_column type=&#8221;4_4&#8243; _builder_version=&#8221;4.16&#8243; custom_padding=&#8221;|||&#8221; global_colors_info=&#8221;{}&#8221; custom_padding__hover=&#8221;|||&#8221;][et_pb_post_title meta=&#8221;off&#8221; featured_image=&#8221;off&#8221; _builder_version=&#8221;4.23&#8243; _module_preset=&#8221;default&#8221; title_font=&#8221;|700|||||||&#8221; global_colors_info=&#8221;{}&#8221;][\/et_pb_post_title][\/et_pb_column][\/et_pb_row][\/et_pb_section][et_pb_section fb_built=&#8221;1&#8243; _builder_version=&#8221;4.23&#8243; _module_preset=&#8221;default&#8221; global_colors_info=&#8221;{}&#8221;][et_pb_row column_structure=&#8221;1_2,1_2&#8243; module_class=&#8221;masonry&#8221; _builder_version=&#8221;4.23&#8243; _module_preset=&#8221;default&#8221; custom_padding=&#8221;0px||||false|false&#8221; global_colors_info=&#8221;{}&#8221;][et_pb_column type=&#8221;1_2&#8243; _builder_version=&#8221;4.23&#8243; _module_preset=&#8221;default&#8221; global_colors_info=&#8221;{}&#8221;][et_pb_text _builder_version=&#8221;4.23&#8243; _module_preset=&#8221;default&#8221; text_orientation=&#8221;justified&#8221; global_colors_info=&#8221;{}&#8221;]<\/p>\n<p>Si busques la teva millor versi\u00f3 en aquest dia tan especial o vols <strong>potenciar la teva melena i treure-li el m\u00e0xim partit<\/strong> nom\u00e9s m&#8217;has de contactar, sense comprom\u00eds. Emplena el formulari que trobar\u00e0s aqu\u00ed sota o escriu-me un mail o per Whatsapp i et respondr\u00e9 el m\u00e9s r\u00e0pid possible!<\/p>\n<p>Estic emocionada de poder treballar amb tu i <strong>ajudar-te a lluir la teva millor versi\u00f3 en un dia tan important! <\/strong>Espero que ens coneguem aviat!<\/p>\n<p>[\/et_pb_text][et_pb_text _builder_version=&#8221;4.23&#8243; _module_preset=&#8221;default&#8221; header_3_font=&#8221;|700|||||||&#8221; global_colors_info=&#8221;{}&#8221;]<\/p>\n<h3>Vine a veure&#8217;m al meu estudi<\/h3>\n<p>C\/ Carme, 8 baixos 25300 T\u00e0rrega<br \/>Tel. 640 16 57 23<br \/>hola@monicaperello.com<\/p>\n<p>[\/et_pb_text][\/et_pb_column][et_pb_column type=&#8221;1_2&#8243; _builder_version=&#8221;4.23&#8243; _module_preset=&#8221;default&#8221; global_colors_info=&#8221;{}&#8221;][et_pb_code raw_content_tablet=&#8221;<iframe src=%22https:\/\/www.google.com\/maps\/embed?pb=!1m14!1m8!1m3!1d11925.628686911745!2d1.1396002!3d41.6469439!3m2!1i1024!2i768!4f13.1!3m3!1m2!1s0x12a69ecddb7a8fad%3A0x14442bce57596e7a!2sPerell%C3%B3%20Peinados!5e0!3m2!1ses!2ses!4v1698759837719!5m2!1ses!2ses%22 width=%22100%%22 height=%22350%22 style=%22border:0;%22 allowfullscreen=%22%22 loading=%22lazy%22 referrerpolicy=%22no-referrer-when-downgrade%22><\/iframe>&#8221; raw_content_phone=&#8221;<iframe src=%22https:\/\/www.google.com\/maps\/embed?pb=!1m14!1m8!1m3!1d11925.628686911745!2d1.1396002!3d41.6469439!3m2!1i1024!2i768!4f13.1!3m3!1m2!1s0x12a69ecddb7a8fad%3A0x14442bce57596e7a!2sPerell%C3%B3%20Peinados!5e0!3m2!1ses!2ses!4v1698759837719!5m2!1ses!2ses%22 width=%22100%%22 height=%22350%22 style=%22border:0;%22 allowfullscreen=%22%22 loading=%22lazy%22 referrerpolicy=%22no-referrer-when-downgrade%22><\/iframe>&#8221; raw_content_last_edited=&#8221;on|phone&#8221; _builder_version=&#8221;4.23&#8243; _module_preset=&#8221;default&#8221; custom_margin=&#8221;-100px||||false|false&#8221; custom_margin_tablet=&#8221;0px||||false|false&#8221; custom_margin_phone=&#8221;0px||||false|false&#8221; custom_margin_last_edited=&#8221;on|tablet&#8221; global_colors_info=&#8221;{}&#8221;]<iframe src=\"https:\/\/www.google.com\/maps\/embed?pb=!1m14!1m8!1m3!1d11925.628686911745!2d1.1396002!3d41.6469439!3m2!1i1024!2i768!4f13.1!3m3!1m2!1s0x12a69ecddb7a8fad%3A0x14442bce57596e7a!2sPerell%C3%B3%20Peinados!5e0!3m2!1ses!2ses!4v1698759837719!5m2!1ses!2ses\" width=\"100%\" height=\"450\" style=\"border:0;\" allowfullscreen=\"\" loading=\"lazy\" referrerpolicy=\"no-referrer-when-downgrade\"><\/iframe>[\/et_pb_code][et_pb_button button_url=&#8221;#cita&#8221; button_text=&#8221;Reserva la teva cita ara&#8221; button_alignment_tablet=&#8221;&#8221; button_alignment_phone=&#8221;center&#8221; button_alignment_last_edited=&#8221;on|phone&#8221; _builder_version=&#8221;4.23&#8243; _module_preset=&#8221;default&#8221; custom_button=&#8221;on&#8221; button_bg_color=&#8221;#ffffff&#8221; button_border_width=&#8221;14px&#8221; button_border_color=&#8221;#FFFFFF&#8221; button_letter_spacing=&#8221;4px&#8221; button_icon=&#8221;&#xf2b6;||fa||400&#8243; positioning=&#8221;absolute&#8221; position_origin_a=&#8221;bottom_right&#8221; horizontal_offset=&#8221;-15px&#8221; position_origin_a_tablet=&#8221;bottom_right&#8221; position_origin_a_phone=&#8221;bottom_right&#8221; position_origin_a_last_edited=&#8221;on|phone&#8221; position_origin_f_tablet=&#8221;&#8221; position_origin_f_phone=&#8221;&#8221; position_origin_f_last_edited=&#8221;on|phone&#8221; position_origin_r_tablet=&#8221;&#8221; position_origin_r_phone=&#8221;&#8221; position_origin_r_last_edited=&#8221;on|phone&#8221; custom_margin=&#8221;|||&#8221; positioning_tablet=&#8221;absolute&#8221; positioning_phone=&#8221;none&#8221; positioning_last_edited=&#8221;on|tablet&#8221; locked=&#8221;off&#8221; global_colors_info=&#8221;{}&#8221; button_bg_color__hover=&#8221;#ECD5C5&#8243; button_bg_color__hover_enabled=&#8221;on|desktop&#8221; button_border_color__hover=&#8221;#ecd5c5&#8243; button_border_color__hover_enabled=&#8221;on|desktop&#8221; button_letter_spacing__hover=&#8221;4px&#8221; button_letter_spacing__hover_enabled=&#8221;on|desktop&#8221; custom_css_main_element_last_edited=&#8221;on|tablet&#8221; custom_css_main_element_phone=&#8221;max-width: 75%&#8221; custom_css_main_element_tablet=&#8221;max-width: 100%;&#8221; button_text_color__hover=&#8221;#ffffff&#8221; button_text_color__hover_enabled=&#8221;on&#8221;][\/et_pb_button][\/et_pb_column][\/et_pb_row][\/et_pb_section]<\/p>\n","protected":false},"excerpt":{"rendered":"<p>Si busques la teva millor versi\u00f3 en aquest dia tan especial o vols potenciar la teva melena i treure-li el m\u00e0xim partit nom\u00e9s m&#8217;has de contactar, sense comprom\u00eds. Emplena el formulari que trobar\u00e0s aqu\u00ed sota o escriu-me un mail o per Whatsapp i et respondr\u00e9 el m\u00e9s r\u00e0pid possible! Estic emocionada de poder treballar amb [&hellip;]<\/p>\n","protected":false},"author":1,"featured_media":0,"parent":0,"menu_order":0,"comment_status":"closed","ping_status":"closed","template":"","meta":{"_et_pb_use_builder":"on","_et_pb_old_content":"","_et_gb_content_width":"","_joinchat":[],"footnotes":""},"class_list":["post-524","page","type-page","status-publish","hentry"],"_links":{"self":[{"href":"https:\/\/monicaperello.com\/ca\/wp-json\/wp\/v2\/pages\/524","targetHints":{"allow":["GET"]}}],"collection":[{"href":"https:\/\/monicaperello.com\/ca\/wp-json\/wp\/v2\/pages"}],"about":[{"href":"https:\/\/monicaperello.com\/ca\/wp-json\/wp\/v2\/types\/page"}],"author":[{"embeddable":true,"href":"https:\/\/monicaperello.com\/ca\/wp-json\/wp\/v2\/users\/1"}],"replies":[{"embeddable":true,"href":"https:\/\/monicaperello.com\/ca\/wp-json\/wp\/v2\/comments?post=524"}],"version-history":[{"count":20,"href":"https:\/\/monicaperello.com\/ca\/wp-json\/wp\/v2\/pages\/524\/revisions"}],"predecessor-version":[{"id":1678,"href":"https:\/\/monicaperello.com\/ca\/wp-json\/wp\/v2\/pages\/524\/revisions\/1678"}],"wp:attachment":[{"href":"https:\/\/monicaperello.com\/ca\/wp-json\/wp\/v2\/media?parent=524"}],"curies":[{"name":"wp","href":"https:\/\/api.w.org\/{rel}","templated":true}]}}